{"id":299,"date":"2024-02-16T16:13:38","date_gmt":"2024-02-16T16:13:38","guid":{"rendered":"https:\/\/verifleet.de\/web\/?page_id=299"},"modified":"2025-03-10T19:49:01","modified_gmt":"2025-03-10T19:49:01","slug":"elementor-299","status":"publish","type":"page","link":"https:\/\/verifleet.de\/web\/?page_id=299","title":{"rendered":"Impressum"},"content":{"rendered":"\t\t<div data-elementor-type=\"wp-page\" data-elementor-id=\"299\" class=\"elementor elementor-299\" data-elementor-post-type=\"page\">\n\t\t\t\t<div class=\"elementor-element elementor-element-8d80e04 e-flex e-con-boxed e-con e-parent\" data-id=\"8d80e04\" data-element_type=\"container\" data-e-type=\"container\">\n\t\t\t\t\t<div class=\"e-con-inner\">\n\t\t\t\t<div class=\"elementor-element elementor-element-fc6862f elementor-widget elementor-widget-heading\" data-id=\"fc6862f\" data-element_type=\"widget\" data-e-type=\"widget\" data-widget_type=\"heading.default\">\n\t\t\t\t\t<h2 class=\"elementor-heading-title elementor-size-default\">Impressum<\/h2>\t\t\t\t<\/div>\n\t\t\t\t\t<\/div>\n\t\t\t\t<\/div>\n\t\t<div class=\"elementor-element elementor-element-200d4f3 e-flex e-con-boxed e-con e-parent\" data-id=\"200d4f3\" data-element_type=\"container\" data-e-type=\"container\">\n\t\t\t\t\t<div class=\"e-con-inner\">\n\t\t\t\t<div class=\"elementor-element elementor-element-ce7b831 elementor-widget elementor-widget-text-editor\" data-id=\"ce7b831\" data-element_type=\"widget\" data-e-type=\"widget\" data-widget_type=\"text-editor.default\">\n\t\t\t\t\t\t\t\t\t<h4>Angaben gem\u00e4\u00df \u00a75 TMG<\/h4><p>VeriFleet GmbH<br \/>Dr.-Gustav-Adolph-Str. 2<br \/>82049 Pullach i. Isartal<\/p><p>Handelsregister: HRB 289109<br \/>Registergericht: Amtsgericht M\u00fcnchen<\/p><p>Vertreten durch:<br \/>Dr. J\u00f6rg Heinrich<br \/>Philip Jacobs<\/p><h4>Kontakt<\/h4><p>E-Mail: info@verifleet.de<\/p><h4>Umsatzsteuer-ID<\/h4><p>Umsatzsteuer-Identifikationsnummer gem\u00e4\u00df \u00a7 27 a<br \/>Umsatzsteuergesetz: DE366193754<\/p><h4>EU-Streitschlichtung<\/h4><p>Die Europ\u00e4ische Kommission stellt eine Plattform zur Online-<br \/>Streitbeilegung (OS) bereit: https:\/\/ec.europa.eu\/consumers\/odr.<br \/>Unsere E-Mail-Adresse finden Sie oben im Impressum.<br \/>Verbraucher\u00adstreit\u00adbeilegung\/Universal\u00adschlichtungs\u00adstelle<br \/>Wir sind nicht bereit oder verpflichtet, an Streitbeilegungsverfahren vor einer Verbraucherschlichtungsstelle teilzunehmen.<\/p>\t\t\t\t\t\t\t\t<\/div>\n\t\t\t\t\t<\/div>\n\t\t\t\t<\/div>\n\t\t\t\t<\/div>\n\t\t","protected":false},"excerpt":{"rendered":"<p>Impressum Angaben gem\u00e4\u00df \u00a75 TMG VeriFleet GmbHDr.-Gustav-Adolph-Str. 282049 Pullach i. Isartal Handelsregister: HRB 289109Registergericht: Amtsgericht M\u00fcnchen Vertreten durch:Dr. J\u00f6rg HeinrichPhilip Jacobs Kontakt E-Mail: info@verifleet.de Umsatzsteuer-ID Umsatzsteuer-Identifikationsnummer gem\u00e4\u00df \u00a7 27 aUmsatzsteuergesetz: DE366193754 EU-Streitschlichtung Die Europ\u00e4ische Kommission stellt eine Plattform zur Online-Streitbeilegung (OS) bereit: https:\/\/ec.europa.eu\/consumers\/odr.Unsere E-Mail-Adresse finden Sie oben im Impressum.Verbraucher\u00adstreit\u00adbeilegung\/Universal\u00adschlichtungs\u00adstelleWir sind nicht bereit oder verpflichtet, an [&hellip;]<\/p>\n","protected":false},"author":1,"featured_media":0,"parent":0,"menu_order":0,"comment_status":"closed","ping_status":"closed","template":"elementor_header_footer","meta":{"footnotes":""},"class_list":["post-299","page","type-page","status-publish","hentry"],"yoast_head":"<!-- This site is optimized with the Yoast SEO plugin v27.3 - https:\/\/yoast.com\/product\/yoast-seo-wordpress\/ -->\n<title>Impressum - VeriFleet GmbH<\/title>\n<meta name=\"robots\" content=\"index, follow, max-snippet:-1, max-image-preview:large, max-video-preview:-1\" \/>\n<link rel=\"canonical\" href=\"https:\/\/verifleet.de\/web\/?page_id=299\" \/>\n<meta property=\"og:locale\" content=\"de_DE\" \/>\n<meta property=\"og:type\" content=\"article\" \/>\n<meta property=\"og:title\" content=\"Impressum - VeriFleet GmbH\" \/>\n<meta property=\"og:description\" content=\"Impressum Angaben gem\u00e4\u00df \u00a75 TMG VeriFleet GmbHDr.-Gustav-Adolph-Str. 282049 Pullach i. Isartal Handelsregister: HRB 289109Registergericht: Amtsgericht M\u00fcnchen Vertreten durch:Dr. J\u00f6rg HeinrichPhilip Jacobs Kontakt E-Mail: info@verifleet.de Umsatzsteuer-ID Umsatzsteuer-Identifikationsnummer gem\u00e4\u00df \u00a7 27 aUmsatzsteuergesetz: DE366193754 EU-Streitschlichtung Die Europ\u00e4ische Kommission stellt eine Plattform zur Online-Streitbeilegung (OS) bereit: https:\/\/ec.europa.eu\/consumers\/odr.Unsere E-Mail-Adresse finden Sie oben im Impressum.Verbraucher\u00adstreit\u00adbeilegung\/Universal\u00adschlichtungs\u00adstelleWir sind nicht bereit oder verpflichtet, an [&hellip;]\" \/>\n<meta property=\"og:url\" content=\"https:\/\/verifleet.de\/web\/?page_id=299\" \/>\n<meta property=\"og:site_name\" content=\"VeriFleet GmbH\" \/>\n<meta property=\"article:modified_time\" content=\"2025-03-10T19:49:01+00:00\" \/>\n<meta name=\"twitter:card\" content=\"summary_large_image\" \/>\n<meta name=\"twitter:label1\" content=\"Gesch\u00e4tzte Lesezeit\" \/>\n\t<meta name=\"twitter:data1\" content=\"1\u00a0Minute\" \/>\n<script type=\"application\/ld+json\" class=\"yoast-schema-graph\">{\"@context\":\"https:\\\/\\\/schema.org\",\"@graph\":[{\"@type\":\"WebPage\",\"@id\":\"https:\\\/\\\/verifleet.de\\\/web\\\/?page_id=299\",\"url\":\"https:\\\/\\\/verifleet.de\\\/web\\\/?page_id=299\",\"name\":\"Impressum - VeriFleet GmbH\",\"isPartOf\":{\"@id\":\"https:\\\/\\\/verifleet.de\\\/web\\\/#website\"},\"datePublished\":\"2024-02-16T16:13:38+00:00\",\"dateModified\":\"2025-03-10T19:49:01+00:00\",\"breadcrumb\":{\"@id\":\"https:\\\/\\\/verifleet.de\\\/web\\\/?page_id=299#breadcrumb\"},\"inLanguage\":\"de\",\"potentialAction\":[{\"@type\":\"ReadAction\",\"target\":[\"https:\\\/\\\/verifleet.de\\\/web\\\/?page_id=299\"]}]},{\"@type\":\"BreadcrumbList\",\"@id\":\"https:\\\/\\\/verifleet.de\\\/web\\\/?page_id=299#breadcrumb\",\"itemListElement\":[{\"@type\":\"ListItem\",\"position\":1,\"name\":\"Startseite\",\"item\":\"https:\\\/\\\/verifleet.de\\\/web\\\/\"},{\"@type\":\"ListItem\",\"position\":2,\"name\":\"Impressum\"}]},{\"@type\":\"WebSite\",\"@id\":\"https:\\\/\\\/verifleet.de\\\/web\\\/#website\",\"url\":\"https:\\\/\\\/verifleet.de\\\/web\\\/\",\"name\":\"VeriFleet GmbH\",\"description\":\"VeriFleet GmbH\",\"publisher\":{\"@id\":\"https:\\\/\\\/verifleet.de\\\/web\\\/#organization\"},\"potentialAction\":[{\"@type\":\"SearchAction\",\"target\":{\"@type\":\"EntryPoint\",\"urlTemplate\":\"https:\\\/\\\/verifleet.de\\\/web\\\/?s={search_term_string}\"},\"query-input\":{\"@type\":\"PropertyValueSpecification\",\"valueRequired\":true,\"valueName\":\"search_term_string\"}}],\"inLanguage\":\"de\"},{\"@type\":\"Organization\",\"@id\":\"https:\\\/\\\/verifleet.de\\\/web\\\/#organization\",\"name\":\"VeriFleet GmbH\",\"url\":\"https:\\\/\\\/verifleet.de\\\/web\\\/\",\"logo\":{\"@type\":\"ImageObject\",\"inLanguage\":\"de\",\"@id\":\"https:\\\/\\\/verifleet.de\\\/web\\\/#\\\/schema\\\/logo\\\/image\\\/\",\"url\":\"https:\\\/\\\/verifleet.de\\\/web\\\/wp-content\\\/uploads\\\/2023\\\/12\\\/cropped-Element-1.png\",\"contentUrl\":\"https:\\\/\\\/verifleet.de\\\/web\\\/wp-content\\\/uploads\\\/2023\\\/12\\\/cropped-Element-1.png\",\"width\":1000,\"height\":249,\"caption\":\"VeriFleet GmbH\"},\"image\":{\"@id\":\"https:\\\/\\\/verifleet.de\\\/web\\\/#\\\/schema\\\/logo\\\/image\\\/\"}}]}<\/script>\n<!-- \/ Yoast SEO plugin. -->","yoast_head_json":{"title":"Impressum - VeriFleet GmbH","robots":{"index":"index","follow":"follow","max-snippet":"max-snippet:-1","max-image-preview":"max-image-preview:large","max-video-preview":"max-video-preview:-1"},"canonical":"https:\/\/verifleet.de\/web\/?page_id=299","og_locale":"de_DE","og_type":"article","og_title":"Impressum - VeriFleet GmbH","og_description":"Impressum Angaben gem\u00e4\u00df \u00a75 TMG VeriFleet GmbHDr.-Gustav-Adolph-Str. 282049 Pullach i. Isartal Handelsregister: HRB 289109Registergericht: Amtsgericht M\u00fcnchen Vertreten durch:Dr. J\u00f6rg HeinrichPhilip Jacobs Kontakt E-Mail: info@verifleet.de Umsatzsteuer-ID Umsatzsteuer-Identifikationsnummer gem\u00e4\u00df \u00a7 27 aUmsatzsteuergesetz: DE366193754 EU-Streitschlichtung Die Europ\u00e4ische Kommission stellt eine Plattform zur Online-Streitbeilegung (OS) bereit: https:\/\/ec.europa.eu\/consumers\/odr.Unsere E-Mail-Adresse finden Sie oben im Impressum.Verbraucher\u00adstreit\u00adbeilegung\/Universal\u00adschlichtungs\u00adstelleWir sind nicht bereit oder verpflichtet, an [&hellip;]","og_url":"https:\/\/verifleet.de\/web\/?page_id=299","og_site_name":"VeriFleet GmbH","article_modified_time":"2025-03-10T19:49:01+00:00","twitter_card":"summary_large_image","twitter_misc":{"Gesch\u00e4tzte Lesezeit":"1\u00a0Minute"},"schema":{"@context":"https:\/\/schema.org","@graph":[{"@type":"WebPage","@id":"https:\/\/verifleet.de\/web\/?page_id=299","url":"https:\/\/verifleet.de\/web\/?page_id=299","name":"Impressum - VeriFleet GmbH","isPartOf":{"@id":"https:\/\/verifleet.de\/web\/#website"},"datePublished":"2024-02-16T16:13:38+00:00","dateModified":"2025-03-10T19:49:01+00:00","breadcrumb":{"@id":"https:\/\/verifleet.de\/web\/?page_id=299#breadcrumb"},"inLanguage":"de","potentialAction":[{"@type":"ReadAction","target":["https:\/\/verifleet.de\/web\/?page_id=299"]}]},{"@type":"BreadcrumbList","@id":"https:\/\/verifleet.de\/web\/?page_id=299#breadcrumb","itemListElement":[{"@type":"ListItem","position":1,"name":"Startseite","item":"https:\/\/verifleet.de\/web\/"},{"@type":"ListItem","position":2,"name":"Impressum"}]},{"@type":"WebSite","@id":"https:\/\/verifleet.de\/web\/#website","url":"https:\/\/verifleet.de\/web\/","name":"VeriFleet GmbH","description":"VeriFleet GmbH","publisher":{"@id":"https:\/\/verifleet.de\/web\/#organization"},"potentialAction":[{"@type":"SearchAction","target":{"@type":"EntryPoint","urlTemplate":"https:\/\/verifleet.de\/web\/?s={search_term_string}"},"query-input":{"@type":"PropertyValueSpecification","valueRequired":true,"valueName":"search_term_string"}}],"inLanguage":"de"},{"@type":"Organization","@id":"https:\/\/verifleet.de\/web\/#organization","name":"VeriFleet GmbH","url":"https:\/\/verifleet.de\/web\/","logo":{"@type":"ImageObject","inLanguage":"de","@id":"https:\/\/verifleet.de\/web\/#\/schema\/logo\/image\/","url":"https:\/\/verifleet.de\/web\/wp-content\/uploads\/2023\/12\/cropped-Element-1.png","contentUrl":"https:\/\/verifleet.de\/web\/wp-content\/uploads\/2023\/12\/cropped-Element-1.png","width":1000,"height":249,"caption":"VeriFleet GmbH"},"image":{"@id":"https:\/\/verifleet.de\/web\/#\/schema\/logo\/image\/"}}]}},"_links":{"self":[{"href":"https:\/\/verifleet.de\/web\/index.php?rest_route=\/wp\/v2\/pages\/299","targetHints":{"allow":["GET"]}}],"collection":[{"href":"https:\/\/verifleet.de\/web\/index.php?rest_route=\/wp\/v2\/pages"}],"about":[{"href":"https:\/\/verifleet.de\/web\/index.php?rest_route=\/wp\/v2\/types\/page"}],"author":[{"embeddable":true,"href":"https:\/\/verifleet.de\/web\/index.php?rest_route=\/wp\/v2\/users\/1"}],"replies":[{"embeddable":true,"href":"https:\/\/verifleet.de\/web\/index.php?rest_route=%2Fwp%2Fv2%2Fcomments&post=299"}],"version-history":[{"count":14,"href":"https:\/\/verifleet.de\/web\/index.php?rest_route=\/wp\/v2\/pages\/299\/revisions"}],"predecessor-version":[{"id":382,"href":"https:\/\/verifleet.de\/web\/index.php?rest_route=\/wp\/v2\/pages\/299\/revisions\/382"}],"wp:attachment":[{"href":"https:\/\/verifleet.de\/web\/index.php?rest_route=%2Fwp%2Fv2%2Fmedia&parent=299"}],"curies":[{"name":"wp","href":"https:\/\/api.w.org\/{rel}","templated":true}]}}